{"id":3,"date":"2023-07-20T16:44:02","date_gmt":"2023-07-20T16:44:02","guid":{"rendered":"https:\/\/imoveisparavenda.net\/?page_id=3"},"modified":"2023-11-16T19:41:06","modified_gmt":"2023-11-16T19:41:06","slug":"politica-privacidade","status":"publish","type":"page","link":"https:\/\/imoveisparavenda.net\/index.php\/politica-privacidade\/","title":{"rendered":"Pol\u00edtica de privacidade"},"content":{"rendered":"\n<ol>\n<li><strong>Quem somos<\/strong><\/li>\n<\/ol>\n\n\n\n<p>A Auspicioustopic Unipessoal Lda e a Rascunhos de Ver\u00e3o Unipessoal Lda (marcas POUPAN\u00c7A DIRETA e DECIS\u00d5ES E SOLU\u00c7\u00d5ES), NIPC 514824220 e 513712356 respetivamente, s\u00e3o\u00a0empresas portuguesas que atuam no setor financeiro, prestando servi\u00e7os de consultoria e intermedia\u00e7\u00e3o de cr\u00e9dito, media\u00e7\u00e3o imobili\u00e1ria, media\u00e7\u00e3o de obras e constru\u00e7\u00e3o e media\u00e7\u00e3o de seguros.<\/p>\n\n\n\n<p>A DS Ponta Delgada \u00e9 a Respons\u00e1vel pelo Tratamento de Dados Pessoais nos termos do Regulamento (UE) 2016\/679 (RGPD) e da legisla\u00e7\u00e3o complementar sobre prote\u00e7\u00e3o de dados pessoais em vigor nos pa\u00edses em que opera.<\/p>\n\n\n\n<p>A DS Ponta Delgada e os seus colaboradores assumem o compromisso de utilizar os seus dados pessoais apenas para os objetivos que lhe foram comunicados e sempre de uma forma segura e respons\u00e1vel.<\/p>\n\n\n\n<p>Queremos explicar-lhe como \u00e9 que utilizamos a sua informa\u00e7\u00e3o (os seus \u2018dados pessoais\u2019) quando usufrui dos nossos servi\u00e7os ou se candidata a uma vaga de emprego.<\/p>\n\n\n\n<p>Se tiver alguma d\u00favida sobre esta Pol\u00edtica de Privacidade, por favor contacte o nosso Encarregado da Prote\u00e7\u00e3o de Dados (DPO), atrav\u00e9s do endere\u00e7o eletr\u00f3nico ag.smiguel@decisoesesolucoes.com.<\/p>\n\n\n\n<ol start=\"2\">\n<li><strong>Dados Pessoais<\/strong><\/li>\n<\/ol>\n\n\n\n<p>Nesta Pol\u00edtica de Privacidade, o termo \u201cDados Pessoais\u201d significa o conjunto de informa\u00e7\u00f5es que se relacionam consigo e que nos permite identific\u00e1-lo(a), direta ou indiretamente. Os seus dados pessoais podem incluir, por exemplo, o seu nome, o seu n\u00famero de identifica\u00e7\u00e3o fiscal, o seu contacto telef\u00f3nico ou endere\u00e7o de email e as suas intera\u00e7\u00f5es connosco. Recolhemos alguns dos seus dados pessoais, por exemplo, quando nos contacta.<\/p>\n\n\n\n<p>Poderemos ainda receber os seus dados pessoais de outras empresas, nomeadamente quando estas os recolhem, processam ou armazenam no \u00e2mbito do servi\u00e7o que nos prestam.<\/p>\n\n\n\n<p>Em conformidade com o Regulamento Geral de Prote\u00e7\u00e3o de Dados e a Lei 58\/2019, a DS Ponta Delgada apenas tratar\u00e1 dados pessoais de titulares com idade igual ou superior a 16 anos. Os dados pessoais de titulares com idade inferior a 16 anos s\u00f3 ser\u00e3o tratados ap\u00f3s obten\u00e7\u00e3o do respetivo consentimento por parte de quem exerce as responsabilidades parentais.<\/p>\n\n\n\n<ol start=\"3\">\n<li><strong>Dados Pessoais que tratamos<\/strong>\n<ol>\n<li><strong>Quando nos contacta ou utiliza os nossos servi\u00e7os<\/strong><\/li>\n<\/ol>\n<\/li>\n<\/ol>\n\n\n\n<h3 class=\"wp-block-heading\">O que fazemos?<\/h3>\n\n\n\n<p>Quando nos contactar, trataremos os seus dados pessoais para responder \u00e0s suas quest\u00f5es, clarificar e\/ou prestar os nossos servi\u00e7os. Pode contactar-nos por telefone, e-mail, bem como atrav\u00e9s do nosso formul\u00e1rio de contacto, dispon\u00edvel neste website. Se assim o fizer, recolheremos o seu nome, contacto telef\u00f3nico, endere\u00e7o de e-mail e informa\u00e7\u00e3o relacionada&nbsp; de modo a poder ser identificado e assim conseguirmos prestar informa\u00e7\u00e3o precisa e adaptada \u00e0s suas necessidades.<\/p>\n\n\n\n<p>Para presta\u00e7\u00e3o dos nossos servi\u00e7os de aconselhamento financeiro, no \u00e2mbito da concess\u00e3o de cr\u00e9dito junto dos parceiros da DS Ponta Delgada, solicitaremos o envio da documenta\u00e7\u00e3o necess\u00e1ria.<\/p>\n\n\n\n<h3 class=\"wp-block-heading\">Onde armazenamos a informa\u00e7\u00e3o e com quem a partilhamos?<\/h3>\n\n\n\n<p>A sua informa\u00e7\u00e3o ser\u00e1 partilhada com as institui\u00e7\u00f5es financeiras com as quais trabalhamos.&nbsp;<\/p>\n\n\n\n<p>Recorremos a prestadores de servi\u00e7os que nos permitem criar a infraestrutura necess\u00e1ria para desenvolver a nossa atividade. Entre as solu\u00e7\u00f5es empresariais que contratamos para este efeito, est\u00e3o a nuvem e as aplica\u00e7\u00f5es da Microsoft.<\/p>\n\n\n\n<p>Os seus dados ser\u00e3o conservados durante os prazos previstos por lei ou at\u00e9 se esgotarem as finalidades do tratamento, consoante o que for aplic\u00e1vel.<\/p>\n\n\n\n<h3 class=\"wp-block-heading\">Bases de Licitude<\/h3>\n\n\n\n<p>Quando tratarmos os seus dados pessoais para respondermos \u00e0s suas quest\u00f5es ou clarificar os nossos servi\u00e7os, teremos por base de licitude o \u2018Interesse Leg\u00edtimo\u2019, de acordo com o artigo 6\u00ba, 1, f) RGPD.&nbsp;<\/p>\n\n\n\n<p>Quando tratarmos os seus dados pessoais para presta\u00e7\u00e3o dos nossos servi\u00e7os de aconselhamento financeiro, no \u00e2mbito da concess\u00e3o de cr\u00e9dito junto dos parceiros da DS Ponta Delgada, teremos por base de licitude o seu \u2018Consentimento\u2019, de acordo com os artigos 6\u00ba, 1, a) e 9\u00ba, 2, a) RGPD.<\/p>\n\n\n\n<p>Quando tivermos de cumprir com determinados requisitos jur\u00eddicos resultantes da legisla\u00e7\u00e3o em vigor (ex.: comunica\u00e7\u00f5es obrigat\u00f3rias a reguladores ou autoridades administrativas), teremos o cumprimento de uma \u2018Obriga\u00e7\u00e3o Jur\u00eddica\u2019 como base de licitude para tratar a informa\u00e7\u00e3o relevante, de acordo com o artigo 6\u00ba, 1, c) RGPD.<\/p>\n\n\n\n<ol start=\"2\">\n<li><strong>Comunica\u00e7\u00f5es de marketing<\/strong><\/li>\n<\/ol>\n\n\n\n<h3 class=\"wp-block-heading\">O que fazemos?&nbsp;<\/h3>\n\n\n\n<p>Caso seja nosso cliente, poder\u00e1 receber comunica\u00e7\u00f5es, por e-mail, relativas a servi\u00e7os an\u00e1logos aos adquiridos por si anteriormente.&nbsp;<\/p>\n\n\n\n<p>Caso n\u00e3o seja nosso cliente ou caso seja, mas as comunica\u00e7\u00f5es sejam relativas a servi\u00e7os diferentes dos adquiridos por si anteriormente, apenas com o seu consentimento procederemos ao envio de comunica\u00e7\u00f5es para efeitos de promo\u00e7\u00e3o e marketing.<\/p>\n\n\n\n<h3 class=\"wp-block-heading\">Onde armazenamos a informa\u00e7\u00e3o e com quem a partilhamos?&nbsp;<\/h3>\n\n\n\n<p>A informa\u00e7\u00e3o recolhida ficar\u00e1 armazenada nos nossos sistemas enquanto for nosso cliente e\/ou mantiver o seu consentimento de modo a podermos assegurar uma gest\u00e3o segura dos seus dados pessoais e uma consequente coordena\u00e7\u00e3o eficiente das nossas comunica\u00e7\u00f5es eletr\u00f3nicas.&nbsp; Poder\u00e1 cancelar a sua subscri\u00e7\u00e3o a qualquer momento.<\/p>\n\n\n\n<h3 class=\"wp-block-heading\">Base de Licitude&nbsp;<\/h3>\n\n\n\n<p>Para podermos tratar os seus dados pessoais para o envio das nossas comunica\u00e7\u00f5es de marketing, caso seja nosso cliente e apenas para comunica\u00e7\u00f5es relativas a servi\u00e7os an\u00e1logos aos adquiridos por si anteriormente, basear-nos-emos no \u2018Interesse Leg\u00edtimo\u2019, de acordo com o artigo 6\u00ba, 1, f) RGPD.&nbsp;<\/p>\n\n\n\n<p>Caso n\u00e3o seja nosso cliente, ou caso as comunica\u00e7\u00f5es sejam relativas a servi\u00e7os diferentes dos adquiridos por si anteriormente, dependeremos do seu \u2018Consentimento\u2019, de acordo com o artigo 6\u00ba, 1, a) RGPD.<\/p>\n\n\n\n<ol start=\"3\">\n<li><strong>Quando se candidata a uma vaga de emprego<\/strong><\/li>\n<\/ol>\n\n\n\n<h3 class=\"wp-block-heading\">O que fazemos?<\/h3>\n\n\n\n<p>Quando se candidata a uma das nossas vagas de emprego ou realiza uma candidatura espont\u00e2nea, tratamos as suas informa\u00e7\u00f5es de modo a analisarmos se o seu perfil profissional \u00e9 adequado \u00e0 posi\u00e7\u00e3o e \u00e0 organiza\u00e7\u00e3o. A informa\u00e7\u00e3o em causa poder\u00e1 incluir os seus dados de identifica\u00e7\u00e3o (ex.: nome completo); dados de contacto (ex.: n\u00famero de telefone e\/ou endere\u00e7o de e-mail); e informa\u00e7\u00e3o profissional que componha o seu curr\u00edculo ou a sua carta de apresenta\u00e7\u00e3o.<\/p>\n\n\n\n<h3 class=\"wp-block-heading\">Onde armazenamos a informa\u00e7\u00e3o e com quem a partilhamos?<\/h3>\n\n\n\n<p>N\u00e3o partilharemos a sua informa\u00e7\u00e3o pessoal com terceiros, a n\u00e3o ser que seja necess\u00e1rio obter refer\u00eancias ou confirmar o seu hist\u00f3rico profissional. Findo o processo de candidatura, a sua informa\u00e7\u00e3o pessoal ser\u00e1 imediatamente apagada, independentemente do resultado.<\/p>\n\n\n\n<h3 class=\"wp-block-heading\">Bases de Licitude&nbsp;<\/h3>\n\n\n\n<p>Trataremos os seus dados pessoais para an\u00e1lise da sua candidatura, tendo por base de licitude a \u2018Execu\u00e7\u00e3o Contratual\u2019, de acordo com o artigo 6\u00ba, 1, b) RGPD.<\/p>\n\n\n\n<ol start=\"4\">\n<li><strong>Seguran\u00e7a da Informa\u00e7\u00e3o<\/strong><\/li>\n<\/ol>\n\n\n\n<p>Trataremos a sua informa\u00e7\u00e3o pessoal com o m\u00e1ximo cuidado e respeito pelos seus direitos. Implementamos medidas de seguran\u00e7a adequadas a evitar a perda, utiliza\u00e7\u00e3o ou acesso indevido, altera\u00e7\u00e3o, ou divulga\u00e7\u00e3o dos seus dados pessoais. Igualmente, limitamos o acesso \u00e0 sua informa\u00e7\u00e3o apenas aos trabalhadores, prestadores de servi\u00e7os e outros terceiros que tenham uma necessidade operacional em tratar a dita informa\u00e7\u00e3o, sendo que, apenas tratar\u00e3o os seus dados pessoais seguindo as dire\u00e7\u00f5es da DS Ponta Delgada e estar\u00e3o sujeitos, a todo o momento, a uma obriga\u00e7\u00e3o de confidencialidade.<\/p>\n\n\n\n<ol start=\"5\">\n<li><strong>Reten\u00e7\u00e3o da Informa\u00e7\u00e3o<\/strong><\/li>\n<\/ol>\n\n\n\n<p>Conservaremos a sua informa\u00e7\u00e3o sempre que recolhermos ou tratarmos os seus dados pessoais e at\u00e9 se esgotarem as finalidades que motivaram a referida recolha. Findo o respetivo per\u00edodo de reten\u00e7\u00e3o, a sua informa\u00e7\u00e3o ser\u00e1 completamente eliminada ou anonimizada (ex.: poder\u00e1 ser agregada a outros dados de modo que possa ser usada para efeitos estat\u00edsticos sem quaisquer identificadores pessoais).<\/p>\n\n\n\n<ol start=\"6\">\n<li><strong>Como exercer os seus Direitos<\/strong><\/li>\n<\/ol>\n\n\n\n<p>Tem o direito a requerer:<\/p>\n\n\n\n<ul>\n<li>O acesso \u00e0 sua informa\u00e7\u00e3o tratada por n\u00f3s, gratuitamente;<\/li>\n\n\n\n<li>A retifica\u00e7\u00e3o dos seus dados pessoais quando estes estiverem incorretos, desatualizados ou incompletos;<\/li>\n\n\n\n<li>O apagamento dos dados que conservamos sobre si, em circunst\u00e2ncias espec\u00edficas, nomeadamente, quando retirar o seu consentimento e n\u00f3s n\u00e3o tivermos qualquer interesse leg\u00edtimo predominante, ou quando a finalidade que motivou a recolha da informa\u00e7\u00e3o se esgotar;<\/li>\n\n\n\n<li>A portabilidade dos seus dados para outra organiza\u00e7\u00e3o;<\/li>\n\n\n\n<li>A limita\u00e7\u00e3o do tratamento dos seus dados pessoais, em circunst\u00e2ncias espec\u00edficas, nomeadamente, quando estivermos a ponderar sobre uma obje\u00e7\u00e3o que levantou;<\/li>\n\n\n\n<li>A oposi\u00e7\u00e3o ao tratamento dos seus dados pessoais, em circunst\u00e2ncias espec\u00edficas, nomeadamente, quando remover o seu consentimento, ou quando se opuser por motivos relacionados com a sua situa\u00e7\u00e3o particular;<\/li>\n\n\n\n<li>Que n\u00e3o utilizemos os seus dados pessoais no \u00e2mbito de atividades de marketing direto.<\/li>\n<\/ul>\n\n\n\n<p>Para exercer qualquer dos direitos supramencionados, por favor contacte o nosso Encarregado da Prote\u00e7\u00e3o de Dados (DPO) atrav\u00e9s do endere\u00e7o eletr\u00f3nico ag.smiguel@decisoesesolucoes.com.<\/p>\n\n\n\n<ol start=\"7\">\n<li><strong>Como contactar o Regulador<\/strong><\/li>\n<\/ol>\n\n\n\n<p>Caso esteja insatisfeito com a nossa utiliza\u00e7\u00e3o dos seus dados pessoais ou com a nossa resposta \u00e0 sua solicita\u00e7\u00e3o de exerc\u00edcio dos seus direitos, poder\u00e1 apresentar reclama\u00e7\u00e3o \u00e0 Comiss\u00e3o Nacional de Prote\u00e7\u00e3o de Dados (CNPD).<\/p>\n\n\n\n<p>Endere\u00e7o: Av. D. Carlos I, 134 \u2013 1.\u00ba, 1200-651 Lisboa<\/p>\n\n\n\n<p>Endere\u00e7o eletr\u00f3nico: geral@cnpd.pt<\/p>\n\n\n\n<p>Telefone: +351 213 298 400<\/p>\n\n\n\n<ol start=\"8\">\n<li><strong>Perguntas?<\/strong><\/li>\n<\/ol>\n\n\n\n<p>Caso tenha qualquer pergunta ou precise de clarifica\u00e7\u00f5es adicionais, por favor contacte o nosso Encarregado da Prote\u00e7\u00e3o de Dados (DPO) atrav\u00e9s de ag.smiguel@decisoesesolucoes.com.<\/p>\n\n\n\n<p>Esta Pol\u00edtica de Privacidade pode ser oportunamente atualizada, o que ser\u00e1 objeto de divulga\u00e7\u00e3o. Esta pol\u00edtica foi atualizada a 1209\/2023.<\/p>\n","protected":false},"excerpt":{"rendered":"<p>A Auspicioustopic Unipessoal Lda e a Rascunhos de Ver\u00e3o Unipessoal Lda (marcas POUPAN\u00c7A DIRETA e DECIS\u00d5ES E SOLU\u00c7\u00d5ES), NIPC 514824220 e 513712356 respetivamente, s\u00e3o\u00a0empresas portuguesas que atuam no setor financeiro, prestando servi\u00e7os de consultoria e intermedia\u00e7\u00e3o de cr\u00e9dito, media\u00e7\u00e3o imobili\u00e1ria, media\u00e7\u00e3o de obras e constru\u00e7\u00e3o e media\u00e7\u00e3o de seguros. A DS Ponta Delgada \u00e9 a [&hellip;]<\/p>\n","protected":false},"author":1,"featured_media":0,"parent":0,"menu_order":0,"comment_status":"closed","ping_status":"open","template":"","meta":{"footnotes":""},"aioseo_notices":[],"yoast_head":"<!-- This site is optimized with the Yoast SEO plugin v20.13 - https:\/\/yoast.com\/wordpress\/plugins\/seo\/ -->\n<title>Pol\u00edtica de privacidade - Im\u00f3veis para venda<\/title>\n<meta name=\"robots\" content=\"index, follow, max-snippet:-1, max-image-preview:large, max-video-preview:-1\" \/>\n<link rel=\"canonical\" href=\"https:\/\/imoveisparavenda.net\/index.php\/politica-privacidade\/\" \/>\n<meta property=\"og:locale\" content=\"pt_PT\" \/>\n<meta property=\"og:type\" content=\"article\" \/>\n<meta property=\"og:title\" content=\"Pol\u00edtica de privacidade - Im\u00f3veis para venda\" \/>\n<meta property=\"og:description\" content=\"A Auspicioustopic Unipessoal Lda e a Rascunhos de Ver\u00e3o Unipessoal Lda (marcas POUPAN\u00c7A DIRETA e DECIS\u00d5ES E SOLU\u00c7\u00d5ES), NIPC 514824220 e 513712356 respetivamente, s\u00e3o\u00a0empresas portuguesas que atuam no setor financeiro, prestando servi\u00e7os de consultoria e intermedia\u00e7\u00e3o de cr\u00e9dito, media\u00e7\u00e3o imobili\u00e1ria, media\u00e7\u00e3o de obras e constru\u00e7\u00e3o e media\u00e7\u00e3o de seguros. A DS Ponta Delgada \u00e9 a [&hellip;]\" \/>\n<meta property=\"og:url\" content=\"https:\/\/imoveisparavenda.net\/index.php\/politica-privacidade\/\" \/>\n<meta property=\"og:site_name\" content=\"Im\u00f3veis para venda\" \/>\n<meta property=\"article:publisher\" content=\"https:\/\/www.facebook.com\/dspontadelgada\" \/>\n<meta property=\"article:modified_time\" content=\"2023-11-16T19:41:06+00:00\" \/>\n<meta property=\"og:image\" content=\"https:\/\/imoveisparavenda.net\/wp-content\/uploads\/2023\/07\/Novo-logo-da-DS-scaled.jpg\" \/>\n\t<meta property=\"og:image:width\" content=\"2560\" \/>\n\t<meta property=\"og:image:height\" content=\"1185\" \/>\n\t<meta property=\"og:image:type\" content=\"image\/jpeg\" \/>\n<meta name=\"twitter:card\" content=\"summary_large_image\" \/>\n<meta name=\"twitter:label1\" content=\"Tempo estimado de leitura\" \/>\n\t<meta name=\"twitter:data1\" content=\"8 minutos\" \/>\n<script type=\"application\/ld+json\" class=\"yoast-schema-graph\">{\"@context\":\"https:\/\/schema.org\",\"@graph\":[{\"@type\":\"WebPage\",\"@id\":\"https:\/\/imoveisparavenda.net\/index.php\/politica-privacidade\/\",\"url\":\"https:\/\/imoveisparavenda.net\/index.php\/politica-privacidade\/\",\"name\":\"Pol\u00edtica de privacidade - Im\u00f3veis para venda\",\"isPartOf\":{\"@id\":\"https:\/\/imoveisparavenda.net\/#website\"},\"datePublished\":\"2023-07-20T16:44:02+00:00\",\"dateModified\":\"2023-11-16T19:41:06+00:00\",\"breadcrumb\":{\"@id\":\"https:\/\/imoveisparavenda.net\/index.php\/politica-privacidade\/#breadcrumb\"},\"inLanguage\":\"pt-PT\",\"potentialAction\":[{\"@type\":\"ReadAction\",\"target\":[\"https:\/\/imoveisparavenda.net\/index.php\/politica-privacidade\/\"]}]},{\"@type\":\"BreadcrumbList\",\"@id\":\"https:\/\/imoveisparavenda.net\/index.php\/politica-privacidade\/#breadcrumb\",\"itemListElement\":[{\"@type\":\"ListItem\",\"position\":1,\"name\":\"In\u00edcio\",\"item\":\"https:\/\/imoveisparavenda.net\/\"},{\"@type\":\"ListItem\",\"position\":2,\"name\":\"Pol\u00edtica de privacidade\"}]},{\"@type\":\"WebSite\",\"@id\":\"https:\/\/imoveisparavenda.net\/#website\",\"url\":\"https:\/\/imoveisparavenda.net\/\",\"name\":\"Im\u00f3veis para venda\",\"description\":\"Venha conhecer os melhores im\u00f3veis para si!\",\"publisher\":{\"@id\":\"https:\/\/imoveisparavenda.net\/#organization\"},\"alternateName\":\"Im\u00f3veis para venda\",\"potentialAction\":[{\"@type\":\"SearchAction\",\"target\":{\"@type\":\"EntryPoint\",\"urlTemplate\":\"https:\/\/imoveisparavenda.net\/?s={search_term_string}\"},\"query-input\":\"required name=search_term_string\"}],\"inLanguage\":\"pt-PT\"},{\"@type\":\"Organization\",\"@id\":\"https:\/\/imoveisparavenda.net\/#organization\",\"name\":\"Ds Ponta Delgada\",\"alternateName\":\"Ds Ponta Delgada\",\"url\":\"https:\/\/imoveisparavenda.net\/\",\"logo\":{\"@type\":\"ImageObject\",\"inLanguage\":\"pt-PT\",\"@id\":\"https:\/\/imoveisparavenda.net\/#\/schema\/logo\/image\/\",\"url\":\"https:\/\/imoveisparavenda.net\/wp-content\/uploads\/2023\/07\/cropped-transferir-1.jpg\",\"contentUrl\":\"https:\/\/imoveisparavenda.net\/wp-content\/uploads\/2023\/07\/cropped-transferir-1.jpg\",\"width\":224,\"height\":224,\"caption\":\"Ds Ponta Delgada\"},\"image\":{\"@id\":\"https:\/\/imoveisparavenda.net\/#\/schema\/logo\/image\/\"},\"sameAs\":[\"https:\/\/www.facebook.com\/dspontadelgada\"]}]}<\/script>\n<!-- \/ Yoast SEO plugin. -->","yoast_head_json":{"title":"Pol\u00edtica de privacidade - Im\u00f3veis para venda","robots":{"index":"index","follow":"follow","max-snippet":"max-snippet:-1","max-image-preview":"max-image-preview:large","max-video-preview":"max-video-preview:-1"},"canonical":"https:\/\/imoveisparavenda.net\/index.php\/politica-privacidade\/","og_locale":"pt_PT","og_type":"article","og_title":"Pol\u00edtica de privacidade - Im\u00f3veis para venda","og_description":"A Auspicioustopic Unipessoal Lda e a Rascunhos de Ver\u00e3o Unipessoal Lda (marcas POUPAN\u00c7A DIRETA e DECIS\u00d5ES E SOLU\u00c7\u00d5ES), NIPC 514824220 e 513712356 respetivamente, s\u00e3o\u00a0empresas portuguesas que atuam no setor financeiro, prestando servi\u00e7os de consultoria e intermedia\u00e7\u00e3o de cr\u00e9dito, media\u00e7\u00e3o imobili\u00e1ria, media\u00e7\u00e3o de obras e constru\u00e7\u00e3o e media\u00e7\u00e3o de seguros. A DS Ponta Delgada \u00e9 a [&hellip;]","og_url":"https:\/\/imoveisparavenda.net\/index.php\/politica-privacidade\/","og_site_name":"Im\u00f3veis para venda","article_publisher":"https:\/\/www.facebook.com\/dspontadelgada","article_modified_time":"2023-11-16T19:41:06+00:00","og_image":[{"width":2560,"height":1185,"url":"https:\/\/imoveisparavenda.net\/wp-content\/uploads\/2023\/07\/Novo-logo-da-DS-scaled.jpg","type":"image\/jpeg"}],"twitter_card":"summary_large_image","twitter_misc":{"Tempo estimado de leitura":"8 minutos"},"schema":{"@context":"https:\/\/schema.org","@graph":[{"@type":"WebPage","@id":"https:\/\/imoveisparavenda.net\/index.php\/politica-privacidade\/","url":"https:\/\/imoveisparavenda.net\/index.php\/politica-privacidade\/","name":"Pol\u00edtica de privacidade - Im\u00f3veis para venda","isPartOf":{"@id":"https:\/\/imoveisparavenda.net\/#website"},"datePublished":"2023-07-20T16:44:02+00:00","dateModified":"2023-11-16T19:41:06+00:00","breadcrumb":{"@id":"https:\/\/imoveisparavenda.net\/index.php\/politica-privacidade\/#breadcrumb"},"inLanguage":"pt-PT","potentialAction":[{"@type":"ReadAction","target":["https:\/\/imoveisparavenda.net\/index.php\/politica-privacidade\/"]}]},{"@type":"BreadcrumbList","@id":"https:\/\/imoveisparavenda.net\/index.php\/politica-privacidade\/#breadcrumb","itemListElement":[{"@type":"ListItem","position":1,"name":"In\u00edcio","item":"https:\/\/imoveisparavenda.net\/"},{"@type":"ListItem","position":2,"name":"Pol\u00edtica de privacidade"}]},{"@type":"WebSite","@id":"https:\/\/imoveisparavenda.net\/#website","url":"https:\/\/imoveisparavenda.net\/","name":"Im\u00f3veis para venda","description":"Venha conhecer os melhores im\u00f3veis para si!","publisher":{"@id":"https:\/\/imoveisparavenda.net\/#organization"},"alternateName":"Im\u00f3veis para venda","potentialAction":[{"@type":"SearchAction","target":{"@type":"EntryPoint","urlTemplate":"https:\/\/imoveisparavenda.net\/?s={search_term_string}"},"query-input":"required name=search_term_string"}],"inLanguage":"pt-PT"},{"@type":"Organization","@id":"https:\/\/imoveisparavenda.net\/#organization","name":"Ds Ponta Delgada","alternateName":"Ds Ponta Delgada","url":"https:\/\/imoveisparavenda.net\/","logo":{"@type":"ImageObject","inLanguage":"pt-PT","@id":"https:\/\/imoveisparavenda.net\/#\/schema\/logo\/image\/","url":"https:\/\/imoveisparavenda.net\/wp-content\/uploads\/2023\/07\/cropped-transferir-1.jpg","contentUrl":"https:\/\/imoveisparavenda.net\/wp-content\/uploads\/2023\/07\/cropped-transferir-1.jpg","width":224,"height":224,"caption":"Ds Ponta Delgada"},"image":{"@id":"https:\/\/imoveisparavenda.net\/#\/schema\/logo\/image\/"},"sameAs":["https:\/\/www.facebook.com\/dspontadelgada"]}]}},"_links":{"self":[{"href":"https:\/\/imoveisparavenda.net\/index.php\/wp-json\/wp\/v2\/pages\/3"}],"collection":[{"href":"https:\/\/imoveisparavenda.net\/index.php\/wp-json\/wp\/v2\/pages"}],"about":[{"href":"https:\/\/imoveisparavenda.net\/index.php\/wp-json\/wp\/v2\/types\/page"}],"author":[{"embeddable":true,"href":"https:\/\/imoveisparavenda.net\/index.php\/wp-json\/wp\/v2\/users\/1"}],"replies":[{"embeddable":true,"href":"https:\/\/imoveisparavenda.net\/index.php\/wp-json\/wp\/v2\/comments?post=3"}],"version-history":[{"count":4,"href":"https:\/\/imoveisparavenda.net\/index.php\/wp-json\/wp\/v2\/pages\/3\/revisions"}],"predecessor-version":[{"id":442,"href":"https:\/\/imoveisparavenda.net\/index.php\/wp-json\/wp\/v2\/pages\/3\/revisions\/442"}],"wp:attachment":[{"href":"https:\/\/imoveisparavenda.net\/index.php\/wp-json\/wp\/v2\/media?parent=3"}],"curies":[{"name":"wp","href":"https:\/\/api.w.org\/{rel}","templated":true}]}}